{"id":8512,"date":"2023-01-02T15:00:19","date_gmt":"2023-01-02T14:00:19","guid":{"rendered":"https:\/\/www.proinvesto.it\/?page_id=8512"},"modified":"2024-10-02T09:47:22","modified_gmt":"2024-10-02T07:47:22","slug":"contacts","status":"publish","type":"page","link":"https:\/\/www.proinvesto.it\/en\/contacts\/","title":{"rendered":"Contacts"},"content":{"rendered":"<p><div class=\"fusion-fullwidth fullwidth-box fusion-builder-row-1 fusion-flex-container nonhundred-percent-fullwidth non-hundred-percent-height-scrolling\" style=\"--awb-border-radius-top-left:0px;--awb-border-radius-top-right:0px;--awb-border-radius-bottom-right:0px;--awb-border-radius-bottom-left:0px;--awb-flex-wrap:wrap;\" ><div class=\"fusion-builder-row fusion-row fusion-flex-align-items-flex-start fusion-flex-content-wrap\" style=\"max-width:1144px;margin-left: calc(-4% \/ 2 );margin-right: calc(-4% \/ 2 );\"><div class=\"fusion-layout-column fusion_builder_column fusion-builder-column-0 fusion_builder_column_1_1 1_1 fusion-flex-column\" style=\"--awb-bg-blend:overlay;--awb-bg-size:cover;--awb-width-large:100%;--awb-margin-top-large:0px;--awb-spacing-right-large:1.92%;--awb-margin-bottom-large:0px;--awb-spacing-left-large:1.92%;--awb-width-medium:100%;--awb-spacing-right-medium:1.92%;--awb-spacing-left-medium:1.92%;--awb-width-small:100%;--awb-spacing-right-small:1.92%;--awb-spacing-left-small:1.92%;\"><div class=\"fusion-column-wrapper fusion-flex-justify-content-flex-start fusion-content-layout-column\"><div class=\"fusion-text fusion-text-1\" style=\"--awb-font-size:18px;--awb-line-height:24px;\"><p><iframe style=\"border: 0;\" src=\"\/\/www.google.com\/maps\/embed?pb=!1m18!1m12!1m3!1d2771.2157771413986!2d8.956174551387319!3d46.006885304985445!2m3!1f0!2f0!3f0!3m2!1i1024!2i768!4f13.1!3m3!1m2!1s0x47842d68ef13f327%3A0xad4be99073f52cc!2sHELVIA+PARTNERS+-+Swiss+Advisory+Group!5e0!3m2!1sit!2sit!4v1525343881156\" width=\"100%\" height=\"450\" frameborder=\"0\" allowfullscreen=\"allowfullscreen\"><\/iframe><\/p>\n<\/div><\/div><\/div><\/div><\/div><div class=\"fusion-fullwidth fullwidth-box fusion-builder-row-2 fusion-flex-container has-pattern-background has-mask-background hundred-percent-fullwidth non-hundred-percent-height-scrolling\" style=\"--awb-border-radius-top-left:0px;--awb-border-radius-top-right:0px;--awb-border-radius-bottom-right:0px;--awb-border-radius-bottom-left:0px;--awb-overflow:visible;--awb-flex-wrap:wrap;\" ><div class=\"fusion-builder-row fusion-row fusion-flex-align-items-flex-start fusion-flex-content-wrap\" style=\"width:calc( 100% + 20px ) !important;max-width:calc( 100% + 20px ) !important;margin-left: calc(-20px \/ 2 );margin-right: calc(-20px \/ 2 );\"><div class=\"fusion-layout-column fusion_builder_column fusion-builder-column-1 fusion_builder_column_1_2 1_2 fusion-flex-column fusion-flex-align-self-flex-start fusion-column-no-min-height\" style=\"--awb-bg-blend:overlay;--awb-bg-size:cover;--awb-width-large:50%;--awb-margin-top-large:0px;--awb-spacing-right-large:calc( 0.04 * calc( 100% - 20px ) );--awb-margin-bottom-large:0px;--awb-spacing-left-large:10px;--awb-width-medium:50%;--awb-spacing-right-medium:calc( 0.04 * calc( 100% - 20px ) );--awb-spacing-left-medium:10px;--awb-width-small:100%;--awb-spacing-right-small:10px;--awb-spacing-left-small:10px;\"><div class=\"fusion-column-wrapper fusion-flex-justify-content-flex-start fusion-content-layout-column\"><div class=\"fusion-text fusion-text-2\" style=\"--awb-font-size:18px;--awb-line-height:24px;--awb-text-color:#003399;\"><p style=\"text-align: justify;\"><strong>ProINVESTO.IT<\/strong> is a registered trademark and division of <strong>HELVIA Partners SA (&#8220;HELVIA&#8221;)<\/strong> &#8211; Swiss International Trust Company. For more infos, see please: www.helviafid.ch. All rights are reserved\u00a9.<\/p>\n<p style=\"text-align: justify;\"><strong>HELVIA&#8217;s Head Office<\/strong> is located at <strong>Via Luigi Canonica 11 &#8211; 6900 &#8211; Lugano<\/strong> &#8211; Canton Tessin &#8211; Switzerland &#8211; 50 miles from Milan (Italy).<\/p>\n<p style=\"text-align: justify;\">You can reach <strong>HELVIA&#8217;s Contact Centre<\/strong> at the following addresses:<\/p>\n<p style=\"text-align: justify;\">Phone no.:<strong>+41 (0)91 630 97 57<\/strong><\/p>\n<p style=\"text-align: justify;\"><strong>from Monday to Friday &#8211; 0<\/strong><strong>8:45 am to 12:30 pm and 02.00 pm to 06.00 pm.<\/strong><\/p>\n<p style=\"text-align: justify;\">or via Email: <strong>info@proinvesto.it<\/strong> or<strong> info@helviapartners.com .<\/strong><\/p>\n<p style=\"text-align: justify;\"><strong>To submit your request,<\/strong> please complete and send us the form below. HELVIA assures the <strong>max confidentiality<\/strong> with regard to your contact and any information disclosed.<\/p>\n<p>A <strong>HELVIA&#8217;S professional<\/strong> will contact you ASAP to arrange a <strong>confidential meeting<\/strong>, via video conference or in person, together with<strong> one of our Principals<\/strong>, who will learn about your project and <strong>advice you on the best strategy<\/strong> to pursuit it.<\/p>\n<p><strong>Thanks for your attention<\/strong> and we hope to have you <strong>on board with HELVIA<\/strong> soon.<\/p>\n<\/div>\n<div class=\"wpcf7 no-js\" id=\"wpcf7-f6-o1\" lang=\"it-IT\" dir=\"ltr\" data-wpcf7-id=\"6\">\n<div class=\"screen-reader-response\"><p role=\"status\" aria-live=\"polite\" aria-atomic=\"true\"><\/p> <ul><\/ul><\/div>\n<form action=\"\/en\/wp-json\/wp\/v2\/pages\/8512#wpcf7-f6-o1\" method=\"post\" class=\"wpcf7-form init\" aria-label=\"Modulo di contatto\" novalidate=\"novalidate\" data-status=\"init\">\n<div style=\"display: none;\">\n<input type=\"hidden\" name=\"_wpcf7\" value=\"6\" \/>\n<input type=\"hidden\" name=\"_wpcf7_version\" value=\"6.0\" \/>\n<input type=\"hidden\" name=\"_wpcf7_locale\" value=\"it_IT\" \/>\n<input type=\"hidden\" name=\"_wpcf7_unit_tag\" value=\"wpcf7-f6-o1\" \/>\n<input type=\"hidden\" name=\"_wpcf7_container_post\" value=\"0\" \/>\n<input type=\"hidden\" name=\"_wpcf7_posted_data_hash\" value=\"\" \/>\n<input type=\"hidden\" name=\"_wpcf7_recaptcha_response\" value=\"\" \/>\n<\/div>\n<p>Nome e Cognome *\n<\/p>\n<p><span class=\"wpcf7-form-control-wrap\" data-name=\"your-name\"><input size=\"40\" maxlength=\"400\" class=\"wpcf7-form-control wpcf7-text wpcf7-validates-as-required\" aria-required=\"true\" aria-invalid=\"false\" value=\"\" type=\"text\" name=\"your-name\" \/><\/span>\n<\/p>\n<p>Email *\n<\/p>\n<p><span class=\"wpcf7-form-control-wrap\" data-name=\"your-email\"><input size=\"40\" maxlength=\"400\" class=\"wpcf7-form-control wpcf7-email wpcf7-validates-as-required wpcf7-text wpcf7-validates-as-email\" aria-required=\"true\" aria-invalid=\"false\" value=\"\" type=\"email\" name=\"your-email\" \/><\/span>\n<\/p>\n<p>Telefono\n<\/p>\n<p><span class=\"wpcf7-form-control-wrap\" data-name=\"yourtel\"><input size=\"40\" maxlength=\"400\" class=\"wpcf7-form-control wpcf7-tel wpcf7-text wpcf7-validates-as-tel\" aria-invalid=\"false\" value=\"\" type=\"tel\" name=\"yourtel\" \/><\/span>\n<\/p>\n<p>Messaggio\n<\/p>\n<p><span class=\"wpcf7-form-control-wrap\" data-name=\"your-message\"><textarea cols=\"40\" rows=\"10\" maxlength=\"2000\" class=\"wpcf7-form-control wpcf7-textarea\" aria-invalid=\"false\" name=\"your-message\"><\/textarea><\/span>\n<\/p>\n<p><input class=\"wpcf7-form-control wpcf7-submit has-spinner\" type=\"submit\" value=\"Invia\" \/>\n<\/p><input type=\"hidden\" id=\"ct_checkjs_cf7_c0e190d8267e36708f955d7ab048990d\" name=\"ct_checkjs_cf7\" value=\"0\" \/><script >setTimeout(function(){var ct_input_name = \"ct_checkjs_cf7_c0e190d8267e36708f955d7ab048990d\";if (document.getElementById(ct_input_name) !== null) {var ct_input_value = document.getElementById(ct_input_name).value;document.getElementById(ct_input_name).value = document.getElementById(ct_input_name).value.replace(ct_input_value, 'a6f6fcbf9d722547face7fa3f4b2d8d34cd44b49ca905972148ca6fc8eb86b69');}}, 1000);<\/script><label class=\"apbct_special_field\" id=\"apbct_label_id19436\" for=\"apbct__email_id__wp_contact_form_7_19436\">19436<\/label><input \n        id=\"apbct__email_id__wp_contact_form_7_19436\" \n        class=\"apbct_special_field apbct__email_id__wp_contact_form_7\"\n        autocomplete=\"off\" \n        name=\"apbct__email_id__wp_contact_form_7_19436\"  \n        type=\"text\" \n        value=\"19436\" \n        size=\"30\" \n        apbct_event_id=\"19436\"\n        maxlength=\"200\" \n    \/><input \n        id=\"apbct_event_id_wp_contact_form_7_19436\"\n        class=\"apbct_special_field\"\n        name=\"apbct_event_id\"\n        type=\"hidden\" \n        value=\"19436\" \n            \/><input type='hidden' class='wpcf7-pum' value='{\"closepopup\":false,\"closedelay\":0,\"openpopup\":false,\"openpopup_id\":0}' \/><div class=\"fusion-alert alert custom alert-custom fusion-alert-center wpcf7-response-output awb-alert-native-link-color alert-dismissable awb-alert-close-boxed\" style=\"--awb-border-size:1px;--awb-border-top-left-radius:0px;--awb-border-top-right-radius:0px;--awb-border-bottom-left-radius:0px;--awb-border-bottom-right-radius:0px;\" role=\"alert\"><div class=\"fusion-alert-content-wrapper\"><span class=\"fusion-alert-content\"><\/span><\/div><button type=\"button\" class=\"close toggle-alert\" data-dismiss=\"alert\" aria-label=\"Close\">&times;<\/button><\/div>\n<\/form>\n<\/div>\n<\/div><\/div><div class=\"fusion-layout-column fusion_builder_column fusion-builder-column-2 fusion_builder_column_1_2 1_2 fusion-flex-column fusion-flex-align-self-flex-start fusion-column-no-min-height\" style=\"--awb-bg-blend:overlay;--awb-bg-size:cover;--awb-width-large:50%;--awb-margin-top-large:0px;--awb-spacing-right-large:10px;--awb-margin-bottom-large:0px;--awb-spacing-left-large:calc( 0.04 * calc( 100% - 20px ) );--awb-width-medium:50%;--awb-spacing-right-medium:10px;--awb-spacing-left-medium:calc( 0.04 * calc( 100% - 20px ) );--awb-width-small:100%;--awb-spacing-right-small:10px;--awb-spacing-left-small:10px;\"><div class=\"fusion-column-wrapper fusion-flex-justify-content-flex-start fusion-content-layout-column\"><div class=\"fusion-text fusion-text-3\" style=\"--awb-font-size:18px;--awb-line-height:24px;--awb-text-color:#003399;--awb-margin-right:20px;--awb-margin-left:20px;\"><p style=\"text-align: justify;\">HELVIA-ProINVESTO.IT is at your disposal for a <strong>strictly confidential advice<\/strong> via <strong>videoconference<\/strong> or <strong>in person.<\/strong><\/p>\n<p style=\"text-align: justify;\">HELVIA-ProINVESTO.IT steht Ihnen f\u00fcr eine streng vertrauliche Beratung per Videokonferenz oder pers\u00f6nlich zur Verf\u00fcgung.<\/p>\n<p style=\"text-align: justify;\">HELVIA-ProINVESTO.IT est \u00e0 votre disposition pour un conseil strictement confidentiel par vid\u00e9oconf\u00e9rence ou en personne.<\/p>\n<p style=\"text-align: justify;\">HELVIA-ProINVESTO.IT \u00e8 a vostra disposizione per un consulto via videconferenza o di persona, strettamente riservato.<\/p>\n<p style=\"text-align: justify;\">HELVIA-ProINVESTO.IT est\u00e1 a su disposici\u00f3n para un consejo estrictamente confidencial por videoconferencia o en persona.<\/p>\n<p style=\"text-align: justify;\">HELVIA-PROINVESTO.IT \u043d\u0430\u0445\u043e\u0434\u0438\u0442\u0441\u044f \u0432 \u0432\u0430\u0448\u0435\u043c \u043f\u043e\u043b\u043d\u043e\u043c \u0440\u0430\u0441\u043f\u043e\u0440\u044f\u0436\u0435\u043d\u0438\u0438 \u0434\u043b\u044f \u043f\u043e\u043b\u0443\u0447\u0435\u043d\u0438\u044f \u0441\u0442\u0440\u043e\u0433\u043e \u043a\u043e\u043d\u0444\u0438\u0434\u0435\u043d\u0446\u0438\u0430\u043b\u044c\u043d\u043e\u0439 \u043a\u043e\u043d\u0441\u0443\u043b\u044c\u0442\u0430\u0446\u0438\u0438 \u0432 \u0440\u0435\u0436\u0438\u043c\u0435 \u0432\u0438\u0434\u0435\u043e\u043a\u043e\u043d\u0444\u0435\u0440\u0435\u043d\u0446\u0438\u0438 \u0438\u043b\u0438 \u043f\u0440\u0438 \u043b\u0438\u0447\u043d\u043e\u0439 \u0432\u0441\u0442\u0440\u0435\u0447\u0435.<\/p>\n<p style=\"text-align: justify;\">HELVIA-ProINVESTO.IT\u306f\u3001\u30d3\u30c7\u30aa\u4f1a\u8b70\u307e\u305f\u306f\u9762\u4f1a\u306b\u3088\u308b\u6975\u79d8\u306e\u30a2\u30c9\u30d0\u30a4\u30b9\u306e\u305f\u3081\u306b\u3001\u3044\u3064\u3067\u3082\u304a\u5ba2\u69d8\u306e\u3054\u8981\u671b\u306b\u304a\u5fdc\u3048\u3057\u307e\u3059\u3002<\/p>\n<p style=\"text-align: justify;\">HELVIA-ProINVESTO.IT\u53ef\u4ee5\u901a\u8fc7\u89c6\u9891\u4f1a\u8bae\u6216\u4eb2\u81ea\u5230\u573a\u4e3a\u60a8\u63d0\u4f9b\u4e25\u683c\u4fdd\u5bc6\u7684\u5efa\u8bae\u3002<em><a href=\"https:\/\/www.proinvesto.it\/wp-content\/uploads\/2022\/09\/Sede-Helvia.jpg\"><img decoding=\"async\" class=\"alignright size-full wp-image-7007\" src=\"https:\/\/www.proinvesto.it\/wp-content\/uploads\/2022\/09\/Sede-Helvia.jpg\" alt=\"\" width=\"1763\" height=\"1880\" srcset=\"https:\/\/www.proinvesto.it\/wp-content\/uploads\/2022\/09\/Sede-Helvia-200x213.jpg 200w, https:\/\/www.proinvesto.it\/wp-content\/uploads\/2022\/09\/Sede-Helvia-281x300.jpg 281w, https:\/\/www.proinvesto.it\/wp-content\/uploads\/2022\/09\/Sede-Helvia-400x427.jpg 400w, https:\/\/www.proinvesto.it\/wp-content\/uploads\/2022\/09\/Sede-Helvia-500x533.jpg 500w, https:\/\/www.proinvesto.it\/wp-content\/uploads\/2022\/09\/Sede-Helvia-600x640.jpg 600w, https:\/\/www.proinvesto.it\/wp-content\/uploads\/2022\/09\/Sede-Helvia-700x746.jpg 700w, https:\/\/www.proinvesto.it\/wp-content\/uploads\/2022\/09\/Sede-Helvia-768x819.jpg 768w, https:\/\/www.proinvesto.it\/wp-content\/uploads\/2022\/09\/Sede-Helvia-800x853.jpg 800w, https:\/\/www.proinvesto.it\/wp-content\/uploads\/2022\/09\/Sede-Helvia-960x1024.jpg 960w, https:\/\/www.proinvesto.it\/wp-content\/uploads\/2022\/09\/Sede-Helvia-1200x1280.jpg 1200w, https:\/\/www.proinvesto.it\/wp-content\/uploads\/2022\/09\/Sede-Helvia-1440x1536.jpg 1440w, https:\/\/www.proinvesto.it\/wp-content\/uploads\/2022\/09\/Sede-Helvia.jpg 1763w\" sizes=\"(max-width: 1763px) 100vw, 1763px\" \/><\/a><\/em><\/p>\n<\/div><\/div><\/div><\/div><\/div><\/p>\n","protected":false},"excerpt":{"rendered":"","protected":false},"author":12,"featured_media":0,"parent":0,"menu_order":0,"comment_status":"closed","ping_status":"closed","template":"","meta":{"_acf_changed":false,"footnotes":""},"class_list":["post-8512","page","type-page","status-publish","hentry"],"acf":[],"yoast_head":"<!-- This site is optimized with the Yoast SEO Premium plugin v20.7 (Yoast SEO v26.8) - https:\/\/yoast.com\/product\/yoast-seo-premium-wordpress\/ -->\n<title>Contacts - ProINVESTO.IT Contacts<\/title>\n<meta name=\"description\" content=\"Contattaci al info@proinvesto.it oppure al 0041 (0) 91 630 97 57 per un consulto telefonico o per fissare un incontro riservato\" \/>\n<meta name=\"robots\" content=\"index, follow, max-snippet:-1, max-image-preview:large, max-video-preview:-1\" \/>\n<link rel=\"canonical\" href=\"https:\/\/www.proinvesto.it\/en\/contacts\/\" \/>\n<meta property=\"og:locale\" content=\"en_US\" \/>\n<meta property=\"og:type\" content=\"article\" \/>\n<meta property=\"og:title\" content=\"Contacts\" \/>\n<meta property=\"og:description\" content=\"Contattaci al info@proinvesto.it oppure al 0041 (0) 91 630 97 57 per un consulto telefonico o per fissare un incontro riservato\" \/>\n<meta property=\"og:url\" content=\"https:\/\/www.proinvesto.it\/en\/contacts\/\" \/>\n<meta property=\"og:site_name\" content=\"ProINVESTO.IT\" \/>\n<meta property=\"article:modified_time\" content=\"2024-10-02T07:47:22+00:00\" \/>\n<meta property=\"og:image\" content=\"https:\/\/www.proinvesto.it\/wp-content\/uploads\/2022\/09\/Sede-Helvia.jpg\" \/>\n<meta name=\"twitter:card\" content=\"summary_large_image\" \/>\n<meta name=\"twitter:label1\" content=\"Est. reading time\" \/>\n\t<meta name=\"twitter:data1\" content=\"2 minutes\" \/>\n<script type=\"application\/ld+json\" class=\"yoast-schema-graph\">{\"@context\":\"https:\/\/schema.org\",\"@graph\":[{\"@type\":\"WebPage\",\"@id\":\"https:\/\/www.proinvesto.it\/en\/contacts\/\",\"url\":\"https:\/\/www.proinvesto.it\/en\/contacts\/\",\"name\":\"Contacts - ProINVESTO.IT Contacts\",\"isPartOf\":{\"@id\":\"https:\/\/www.proinvesto.it\/#website\"},\"primaryImageOfPage\":{\"@id\":\"https:\/\/www.proinvesto.it\/en\/contacts\/#primaryimage\"},\"image\":{\"@id\":\"https:\/\/www.proinvesto.it\/en\/contacts\/#primaryimage\"},\"thumbnailUrl\":\"https:\/\/www.proinvesto.it\/wp-content\/uploads\/2022\/09\/Sede-Helvia.jpg\",\"datePublished\":\"2023-01-02T14:00:19+00:00\",\"dateModified\":\"2024-10-02T07:47:22+00:00\",\"description\":\"Contattaci al info@proinvesto.it oppure al 0041 (0) 91 630 97 57 per un consulto telefonico o per fissare un incontro riservato\",\"breadcrumb\":{\"@id\":\"https:\/\/www.proinvesto.it\/en\/contacts\/#breadcrumb\"},\"inLanguage\":\"en-US\",\"potentialAction\":[{\"@type\":\"ReadAction\",\"target\":[\"https:\/\/www.proinvesto.it\/en\/contacts\/\"]}]},{\"@type\":\"ImageObject\",\"inLanguage\":\"en-US\",\"@id\":\"https:\/\/www.proinvesto.it\/en\/contacts\/#primaryimage\",\"url\":\"https:\/\/www.proinvesto.it\/wp-content\/uploads\/2022\/09\/Sede-Helvia.jpg\",\"contentUrl\":\"https:\/\/www.proinvesto.it\/wp-content\/uploads\/2022\/09\/Sede-Helvia.jpg\"},{\"@type\":\"BreadcrumbList\",\"@id\":\"https:\/\/www.proinvesto.it\/en\/contacts\/#breadcrumb\",\"itemListElement\":[{\"@type\":\"ListItem\",\"position\":1,\"name\":\"Home\",\"item\":\"https:\/\/www.proinvesto.it\/en\/\"},{\"@type\":\"ListItem\",\"position\":2,\"name\":\"Contacts\"}]},{\"@type\":\"WebSite\",\"@id\":\"https:\/\/www.proinvesto.it\/#website\",\"url\":\"https:\/\/www.proinvesto.it\/\",\"name\":\"ProINVESTO.IT\",\"description\":\"Acquisto e vendita di aziende italiane\",\"publisher\":{\"@id\":\"https:\/\/www.proinvesto.it\/#organization\"},\"potentialAction\":[{\"@type\":\"SearchAction\",\"target\":{\"@type\":\"EntryPoint\",\"urlTemplate\":\"https:\/\/www.proinvesto.it\/?s={search_term_string}\"},\"query-input\":{\"@type\":\"PropertyValueSpecification\",\"valueRequired\":true,\"valueName\":\"search_term_string\"}}],\"inLanguage\":\"en-US\"},{\"@type\":\"Organization\",\"@id\":\"https:\/\/www.proinvesto.it\/#organization\",\"name\":\"HELVIA PARTNERS SA\",\"url\":\"https:\/\/www.proinvesto.it\/\",\"logo\":{\"@type\":\"ImageObject\",\"inLanguage\":\"en-US\",\"@id\":\"https:\/\/www.proinvesto.it\/#\/schema\/logo\/image\/\",\"url\":\"https:\/\/www.proinvesto.it\/wp-content\/uploads\/2023\/01\/2018_Helvia-Partners-Logo.jpg\",\"contentUrl\":\"https:\/\/www.proinvesto.it\/wp-content\/uploads\/2023\/01\/2018_Helvia-Partners-Logo.jpg\",\"width\":320,\"height\":115,\"caption\":\"HELVIA PARTNERS SA\"},\"image\":{\"@id\":\"https:\/\/www.proinvesto.it\/#\/schema\/logo\/image\/\"}}]}<\/script>\n<!-- \/ Yoast SEO Premium plugin. -->","yoast_head_json":{"title":"Contacts - ProINVESTO.IT Contacts","description":"Contattaci al info@proinvesto.it oppure al 0041 (0) 91 630 97 57 per un consulto telefonico o per fissare un incontro riservato","robots":{"index":"index","follow":"follow","max-snippet":"max-snippet:-1","max-image-preview":"max-image-preview:large","max-video-preview":"max-video-preview:-1"},"canonical":"https:\/\/www.proinvesto.it\/en\/contacts\/","og_locale":"en_US","og_type":"article","og_title":"Contacts","og_description":"Contattaci al info@proinvesto.it oppure al 0041 (0) 91 630 97 57 per un consulto telefonico o per fissare un incontro riservato","og_url":"https:\/\/www.proinvesto.it\/en\/contacts\/","og_site_name":"ProINVESTO.IT","article_modified_time":"2024-10-02T07:47:22+00:00","og_image":[{"url":"https:\/\/www.proinvesto.it\/wp-content\/uploads\/2022\/09\/Sede-Helvia.jpg","type":"","width":"","height":""}],"twitter_card":"summary_large_image","twitter_misc":{"Est. reading time":"2 minutes"},"schema":{"@context":"https:\/\/schema.org","@graph":[{"@type":"WebPage","@id":"https:\/\/www.proinvesto.it\/en\/contacts\/","url":"https:\/\/www.proinvesto.it\/en\/contacts\/","name":"Contacts - ProINVESTO.IT Contacts","isPartOf":{"@id":"https:\/\/www.proinvesto.it\/#website"},"primaryImageOfPage":{"@id":"https:\/\/www.proinvesto.it\/en\/contacts\/#primaryimage"},"image":{"@id":"https:\/\/www.proinvesto.it\/en\/contacts\/#primaryimage"},"thumbnailUrl":"https:\/\/www.proinvesto.it\/wp-content\/uploads\/2022\/09\/Sede-Helvia.jpg","datePublished":"2023-01-02T14:00:19+00:00","dateModified":"2024-10-02T07:47:22+00:00","description":"Contattaci al info@proinvesto.it oppure al 0041 (0) 91 630 97 57 per un consulto telefonico o per fissare un incontro riservato","breadcrumb":{"@id":"https:\/\/www.proinvesto.it\/en\/contacts\/#breadcrumb"},"inLanguage":"en-US","potentialAction":[{"@type":"ReadAction","target":["https:\/\/www.proinvesto.it\/en\/contacts\/"]}]},{"@type":"ImageObject","inLanguage":"en-US","@id":"https:\/\/www.proinvesto.it\/en\/contacts\/#primaryimage","url":"https:\/\/www.proinvesto.it\/wp-content\/uploads\/2022\/09\/Sede-Helvia.jpg","contentUrl":"https:\/\/www.proinvesto.it\/wp-content\/uploads\/2022\/09\/Sede-Helvia.jpg"},{"@type":"BreadcrumbList","@id":"https:\/\/www.proinvesto.it\/en\/contacts\/#breadcrumb","itemListElement":[{"@type":"ListItem","position":1,"name":"Home","item":"https:\/\/www.proinvesto.it\/en\/"},{"@type":"ListItem","position":2,"name":"Contacts"}]},{"@type":"WebSite","@id":"https:\/\/www.proinvesto.it\/#website","url":"https:\/\/www.proinvesto.it\/","name":"ProINVESTO.IT","description":"Acquisto e vendita di aziende italiane","publisher":{"@id":"https:\/\/www.proinvesto.it\/#organization"},"potentialAction":[{"@type":"SearchAction","target":{"@type":"EntryPoint","urlTemplate":"https:\/\/www.proinvesto.it\/?s={search_term_string}"},"query-input":{"@type":"PropertyValueSpecification","valueRequired":true,"valueName":"search_term_string"}}],"inLanguage":"en-US"},{"@type":"Organization","@id":"https:\/\/www.proinvesto.it\/#organization","name":"HELVIA PARTNERS SA","url":"https:\/\/www.proinvesto.it\/","logo":{"@type":"ImageObject","inLanguage":"en-US","@id":"https:\/\/www.proinvesto.it\/#\/schema\/logo\/image\/","url":"https:\/\/www.proinvesto.it\/wp-content\/uploads\/2023\/01\/2018_Helvia-Partners-Logo.jpg","contentUrl":"https:\/\/www.proinvesto.it\/wp-content\/uploads\/2023\/01\/2018_Helvia-Partners-Logo.jpg","width":320,"height":115,"caption":"HELVIA PARTNERS SA"},"image":{"@id":"https:\/\/www.proinvesto.it\/#\/schema\/logo\/image\/"}}]}},"_links":{"self":[{"href":"https:\/\/www.proinvesto.it\/en\/wp-json\/wp\/v2\/pages\/8512","targetHints":{"allow":["GET"]}}],"collection":[{"href":"https:\/\/www.proinvesto.it\/en\/wp-json\/wp\/v2\/pages"}],"about":[{"href":"https:\/\/www.proinvesto.it\/en\/wp-json\/wp\/v2\/types\/page"}],"author":[{"embeddable":true,"href":"https:\/\/www.proinvesto.it\/en\/wp-json\/wp\/v2\/users\/12"}],"replies":[{"embeddable":true,"href":"https:\/\/www.proinvesto.it\/en\/wp-json\/wp\/v2\/comments?post=8512"}],"version-history":[{"count":0,"href":"https:\/\/www.proinvesto.it\/en\/wp-json\/wp\/v2\/pages\/8512\/revisions"}],"wp:attachment":[{"href":"https:\/\/www.proinvesto.it\/en\/wp-json\/wp\/v2\/media?parent=8512"}],"curies":[{"name":"wp","href":"https:\/\/api.w.org\/{rel}","templated":true}]}}